{"id":367,"date":"2026-01-03T02:49:47","date_gmt":"2026-01-03T02:49:47","guid":{"rendered":"https:\/\/legg-ing.com.mx\/?page_id=367"},"modified":"2026-01-17T03:16:29","modified_gmt":"2026-01-17T03:16:29","slug":"ansys-mechanical-2","status":"publish","type":"page","link":"https:\/\/legg-ing.com.mx\/index.php\/ansys-mechanical-2\/","title":{"rendered":"Ansys Mechanical"},"content":{"rendered":"<p>[et_pb_section fb_built=\u00bb1&#8243; fullwidth=\u00bbon\u00bb _builder_version=\u00bb4.27.0&#8243; _module_preset=\u00bbdefault\u00bb global_colors_info=\u00bb{}\u00bb][et_pb_fullwidth_slider arrows_custom_color=\u00bb#000000&#8243; dot_nav_custom_color=\u00bb#000000&#8243; _builder_version=\u00bb4.27.0&#8243; _module_preset=\u00bbdefault\u00bb header_text_color=\u00bbRGBA(255,255,255,0)\u00bb button_alignment=\u00bbleft\u00bb text_orientation=\u00bbleft\u00bb hover_enabled=\u00bb0&#8243; global_colors_info=\u00bb{}\u00bb sticky_enabled=\u00bb0&#8243;][et_pb_slide heading=\u00bbAnsys Mechanical\u00bb use_text_overlay=\u00bboff\u00bb _builder_version=\u00bb4.27.0&#8243; _module_preset=\u00bbdefault\u00bb header_text_color=\u00bb#0C71C3&#8243; body_text_color=\u00bb#000000&#8243; background_color=\u00bbRGBA(255,255,255,0)\u00bb background_enable_color=\u00bbon\u00bb background_image=\u00bbhttps:\/\/legg-ing.com.mx\/wp-content\/uploads\/2025\/12\/ANSYS-MECHANICAL-002.webp\u00bb background_enable_image=\u00bbon\u00bb parallax=\u00bbon\u00bb child_mix_blend_mode=\u00bbscreen\u00bb hover_enabled=\u00bb0&#8243; global_colors_info=\u00bb{}\u00bb sticky_transition=\u00bbon\u00bb sticky_enabled=\u00bb0&#8243;]<\/p>\n<table style=\"height: 47px; width: 39.9993%; border-collapse: collapse; border-style: none; border-color: #ffffff;\" border=\"1\">\n<tbody>\n<tr style=\"height: 47px;\">\n<td style=\"width: 100%; height: 47px;\">Es la herramienta l\u00edder en la industria para el an\u00e1lisis de elemento finito en simulaci\u00f3n estructural.<\/td>\n<\/tr>\n<\/tbody>\n<\/table>\n<p>&nbsp;<\/p>\n<p>[\/et_pb_slide][\/et_pb_fullwidth_slider][\/et_pb_section][et_pb_section fb_built=\u00bb1&#8243; _builder_version=\u00bb4.27.0&#8243; _module_preset=\u00bbdefault\u00bb background_color=\u00bbRGBA(255,255,255,0)\u00bb background_enable_mask_style=\u00bbon\u00bb background_mask_color=\u00bbRGBA(255,255,255,0)\u00bb border_color_all=\u00bb#0C71C3&#8243; border_width_bottom=\u00bb1px\u00bb border_color_bottom=\u00bb#D6D6D6&#8243; global_colors_info=\u00bb{}\u00bb][et_pb_row _builder_version=\u00bb4.27.0&#8243; _module_preset=\u00bbdefault\u00bb background_color=\u00bbRGBA(255,255,255,0)\u00bb global_colors_info=\u00bb{}\u00bb][et_pb_column type=\u00bb4_4&#8243; _builder_version=\u00bb4.27.0&#8243; _module_preset=\u00bbdefault\u00bb global_colors_info=\u00bb{}\u00bb][et_pb_tabs _builder_version=\u00bb4.27.0&#8243; _module_preset=\u00bbdefault\u00bb global_colors_info=\u00bb{}\u00bb][et_pb_tab title=\u00bbTendencias del Mercado\u00bb _builder_version=\u00bb4.27.0&#8243; _module_preset=\u00bbdefault\u00bb global_colors_info=\u00bb{}\u00bb]<\/p>\n<table style=\"width: 100%; border-collapse: collapse; border-style: solid;\" border=\"1\">\n<tbody>\n<tr>\n<td style=\"width: 66.7766%;\">Los productos que estamos dise\u00f1ando cada vez son\u00a0m\u00e1s inteligentes, ligeros y conectados; los ingenieros enfrentamos los retos de desarrollar productos en tiempos m\u00e1s cortos, con costos de desarrollo m\u00e1s bajos y resultados que reflejan con mejor precisi\u00f3n el comportamiento real de los fen\u00f3menos. ANSYS Mechanical con m\u00e1s de 50 a\u00f1os de investigaci\u00f3n y desarrollo cubre nuestras necesidades de simulaci\u00f3n estructural proporcionando validaciones virtuales con precisi\u00f3n y alto desempe\u00f1o, empoderando la innovaci\u00f3n de nuevos productos.<\/td>\n<td style=\"width: 33.2234%;\"><img loading=\"lazy\" decoding=\"async\" class=\"wp-image-384 size-medium aligncenter\" src=\"https:\/\/legg-ing.com.mx\/wp-content\/uploads\/2026\/01\/ansys-stress-300x180.png\" alt=\"ansys analisis de esfuerzos\" width=\"300\" height=\"180\" \/><\/td>\n<\/tr>\n<\/tbody>\n<\/table>\n<p>&nbsp;<\/p>\n<table style=\"border-collapse: collapse; width: 100%;\" border=\"1\">\n<tbody>\n<tr>\n<td style=\"width: 32.2809%;\"><img loading=\"lazy\" decoding=\"async\" class=\"wp-image-385 size-full aligncenter\" src=\"https:\/\/legg-ing.com.mx\/wp-content\/uploads\/2026\/01\/ansys-trends-AI-hpc.png\" alt=\"ansys-AI-hpc\" width=\"300\" height=\"200\" srcset=\"https:\/\/legg-ing.com.mx\/wp-content\/uploads\/2026\/01\/ansys-trends-AI-hpc.png 300w, https:\/\/legg-ing.com.mx\/wp-content\/uploads\/2026\/01\/ansys-trends-AI-hpc-272x182.png 272w\" sizes=\"auto, (max-width: 300px) 100vw, 300px\" \/><\/td>\n<td style=\"width: 67.7191%;\">Los productos que estamos dise\u00f1ando son cada vez m\u00e1s inteligentes, ligeros y conectados; los ingenieros enfrentamos los retos de desarrollar productos en tiempos m\u00e1s cortos, con costos de desarrollo m\u00e1s bajos y resultados que reflejan con mejor precisi\u00f3n el comportamiento real de los fen\u00f3menos. ANSYS Mechanical con m\u00e1s de 50 a\u00f1os de investigaci\u00f3n y desarrollo cubre nuestras necesidades de simulaci\u00f3n estructural proporcionando validaciones virtuales con precisi\u00f3n y alto desempe\u00f1o, empoderando la innovaci\u00f3n de nuevos productos.<\/td>\n<\/tr>\n<\/tbody>\n<\/table>\n<p>&nbsp;<\/p>\n<h3>Especificaciones R\u00e1pidas<\/h3>\n<p>Ansys Mechanical le permite resolver problemas complejos de ingenier\u00eda estructural y tomar decisiones de dise\u00f1o m\u00e1s acertadas y r\u00e1pidas. Con los solucionadores de an\u00e1lisis de elementos finitos (FEA) disponibles en la suite, puede personalizar y automatizar soluciones para sus problemas de mec\u00e1nica estructural y parametrizarlas para analizar m\u00faltiples escenarios de dise\u00f1o. Ansys Mechanical es una herramienta din\u00e1mica con una gama completa de herramientas de an\u00e1lisis.<\/p>\n<ul>\n<li>Herramienta multi-proposito de f\u00e1cil uso<\/li>\n<li>Plataforma integrada din\u00e1mica<\/li>\n<li>Tecnolog\u00eda de los solver de alta precisi\u00f3n y persistentes<\/li>\n<li>Poderosos solvers lineales y no lineales<\/li>\n<li>Conectores CAD<\/li>\n<li>Modelado de materiales avanzados<\/li>\n<li>Vibraci\u00f3n<\/li>\n<li>Tecnolog\u00eda de campos acoplados<\/li>\n<li>Mallado adaptivo automatizado (NLAD)<\/li>\n<li>An\u00e1lisis Expl\u00edcitos<\/li>\n<li>Ac\u00fastica<\/li>\n<li>R\u00e1pidos Solvers paraleliados<\/li>\n<li>Contacto lineal y no linela<\/li>\n<li>Modelado de fractura<\/li>\n<li>Optimizaci\u00f3n estructural<\/li>\n<li>An\u00e1lisis de fatiga<\/li>\n<\/ul>\n<p>[\/et_pb_tab][\/et_pb_tabs][\/et_pb_column][\/et_pb_row][\/et_pb_section][et_pb_section fb_built=\u00bb1&#8243; _builder_version=\u00bb4.27.0&#8243; _module_preset=\u00bbdefault\u00bb background_color=\u00bbRGBA(255,255,255,0)\u00bb background_enable_mask_style=\u00bbon\u00bb background_mask_color=\u00bbRGBA(255,255,255,0)\u00bb border_color_all=\u00bb#0C71C3&#8243; border_width_bottom=\u00bb1px\u00bb border_color_bottom=\u00bb#D6D6D6&#8243; global_colors_info=\u00bb{}\u00bb][et_pb_row _builder_version=\u00bb4.27.0&#8243; _module_preset=\u00bbdefault\u00bb background_color=\u00bbRGBA(255,255,255,0)\u00bb global_colors_info=\u00bb{}\u00bb][et_pb_column type=\u00bb4_4&#8243; _builder_version=\u00bb4.27.0&#8243; _module_preset=\u00bbdefault\u00bb global_colors_info=\u00bb{}\u00bb][et_pb_accordion _builder_version=\u00bb4.27.0&#8243; _module_preset=\u00bbdefault\u00bb global_colors_info=\u00bb{}\u00bb][et_pb_accordion_item open=\u00bbon\u00bb _builder_version=\u00bb4.27.0&#8243; _module_preset=\u00bbdefault\u00bb global_colors_info=\u00bb{}\u00bb]<\/p>\n<h3>Capacidades Seg\u00fan Licencias<\/h3>\n<table style=\"border-collapse: collapse; width: 100%; height: 139px;\" border=\"1\">\n<tbody>\n<tr style=\"height: 23px;\">\n<td style=\"width: 30.2885%; height: 23px;\">\u00a0<\/td>\n<th style=\"width: 19.7115%; height: 23px;\">Mechanical Pro<\/th>\n<th style=\"width: 25%; height: 23px;\">Mechanical Prmium<\/th>\n<th style=\"width: 25%; height: 23px;\">Mechanial Enterprise<\/th>\n<\/tr>\n<tr style=\"height: 47px;\">\n<td style=\"width: 30.2885%; height: 47px;\">An\u00e1lisis T\u00e9rmico Completo<\/td>\n<td style=\"width: 19.7115%; text-align: center; height: 47px;\">\u2666<\/td>\n<td style=\"width: 25%; text-align: center; height: 47px;\">\u2666<\/td>\n<td style=\"width: 25%; text-align: center; height: 47px;\">\u2666<\/td>\n<\/tr>\n<tr style=\"height: 23px;\">\n<td style=\"width: 30.2885%; height: 23px;\">An\u00e1lisis Modal<\/td>\n<td style=\"width: 19.7115%; height: 23px; text-align: center;\">\u2666<\/td>\n<td style=\"width: 25%; height: 23px; text-align: center;\">\u2666<\/td>\n<td style=\"width: 25%; height: 23px; text-align: center;\">\u2666<\/td>\n<\/tr>\n<tr>\n<td style=\"width: 30.2885%;\">Contacto Completo<\/td>\n<td style=\"width: 19.7115%; text-align: center;\">\u2666<\/td>\n<td style=\"width: 25%; text-align: center;\">\u2666<\/td>\n<td style=\"width: 25%; text-align: center;\">\u2666<\/td>\n<\/tr>\n<tr style=\"height: 23px;\">\n<td style=\"width: 30.2885%; height: 23px;\">An\u00e1lisis Modal Pre-estresado<\/td>\n<td style=\"width: 19.7115%; height: 23px; text-align: center;\">\u2666<\/td>\n<td style=\"width: 25%; height: 23px; text-align: center;\">\u2666<\/td>\n<td style=\"width: 25%; height: 23px; text-align: center;\">\u2666<\/td>\n<\/tr>\n<tr>\n<td style=\"width: 30.2885%;\">No linealidad Geom\u00e9trica<\/td>\n<td style=\"width: 19.7115%; text-align: center;\">\u2666<\/td>\n<td style=\"width: 25%; text-align: center;\">\u2666<\/td>\n<td style=\"width: 25%; text-align: center;\">\u2666<\/td>\n<\/tr>\n<tr style=\"height: 23px;\">\n<td style=\"width: 30.2885%; height: 23px;\">Plasticidad en Material<\/td>\n<td style=\"width: 19.7115%; height: 23px; text-align: center;\">\u2666<\/td>\n<td style=\"width: 25%; height: 23px; text-align: center;\">\u2666<\/td>\n<td style=\"width: 25%; height: 23px; text-align: center;\">\u2666<\/td>\n<\/tr>\n<tr>\n<td style=\"width: 30.2885%;\">Optimizaci\u00f3n Estructural<\/td>\n<td style=\"width: 19.7115%; text-align: center;\">\u2666<\/td>\n<td style=\"width: 25%; text-align: center;\">\u2666<\/td>\n<td style=\"width: 25%; text-align: center;\">\u2666<\/td>\n<\/tr>\n<tr>\n<td style=\"width: 30.2885%;\">Soluci\u00f3n con 4 Cores<\/td>\n<td style=\"width: 19.7115%; text-align: center;\">\u2666<\/td>\n<td style=\"width: 25%; text-align: center;\">\u2666<\/td>\n<td style=\"width: 25%; text-align: center;\">\u2666<\/td>\n<\/tr>\n<tr>\n<td style=\"width: 30.2885%;\">Din\u00e1mica Lineal Completa<\/td>\n<td style=\"width: 19.7115%; text-align: center;\">\u00a0<\/td>\n<td style=\"width: 25%; text-align: center;\">\u2666<\/td>\n<td style=\"width: 25%; text-align: center;\">\u2666<\/td>\n<\/tr>\n<tr>\n<td style=\"width: 30.2885%;\">Nacimiento y Muerte de Elementos<\/td>\n<td style=\"width: 19.7115%; text-align: center;\">\u00a0<\/td>\n<td style=\"width: 25%; text-align: center;\">\u2666<\/td>\n<td style=\"width: 25%; text-align: center;\">\u2666<\/td>\n<\/tr>\n<tr>\n<td style=\"width: 30.2885%;\">Elasticidad No Lineal en Material<\/td>\n<td style=\"width: 19.7115%; text-align: center;\">\u00a0<\/td>\n<td style=\"width: 25%; text-align: center;\">\u00a0<\/td>\n<td style=\"width: 25%; text-align: center;\">\u2666<\/td>\n<\/tr>\n<tr>\n<td style=\"width: 30.2885%;\">Elemento de Campos Acoplados<\/td>\n<td style=\"width: 19.7115%; text-align: center;\">\u00a0<\/td>\n<td style=\"width: 25%; text-align: center;\">\u00a0<\/td>\n<td style=\"width: 25%; text-align: center;\">\u2666<\/td>\n<\/tr>\n<tr>\n<td style=\"width: 30.2885%;\">Formulaci\u00f3n de Modelos de Materiales Definidos por el Usuario<\/td>\n<td style=\"width: 19.7115%; text-align: center;\">\u00a0<\/td>\n<td style=\"width: 25%; text-align: center;\">\u00a0<\/td>\n<td style=\"width: 25%; text-align: center;\">\u2666<\/td>\n<\/tr>\n<\/tbody>\n<\/table>\n<p>[\/et_pb_accordion_item][\/et_pb_accordion][\/et_pb_column][\/et_pb_row][\/et_pb_section][et_pb_section fb_built=\u00bb1&#8243; _builder_version=\u00bb4.27.0&#8243; _module_preset=\u00bbdefault\u00bb global_colors_info=\u00bb{}\u00bb][et_pb_row column_structure=\u00bb1_3,1_3,1_3&#8243; _builder_version=\u00bb4.27.0&#8243; _module_preset=\u00bbdefault\u00bb global_colors_info=\u00bb{}\u00bb][et_pb_column type=\u00bb1_3&#8243; _builder_version=\u00bb4.27.0&#8243; _module_preset=\u00bbdefault\u00bb global_colors_info=\u00bb{}\u00bb][et_pb_button _builder_version=\u00bb4.27.0&#8243; _module_preset=\u00bbdefault\u00bb button_url=\u00bbhttps:\/\/legg-ing.com.mx\/index.php\/ansys-fluent\/\u00bb button_text=\u00bbAnsys Fluent\u00bb hover_enabled=\u00bb0&#8243; sticky_enabled=\u00bb0&#8243; button_alignment=\u00bbcenter\u00bb][\/et_pb_button][\/et_pb_column][et_pb_column type=\u00bb1_3&#8243; _builder_version=\u00bb4.27.0&#8243; _module_preset=\u00bbdefault\u00bb global_colors_info=\u00bb{}\u00bb][et_pb_contact_form title=\u00bbCont\u00e1ctanos\u00bb success_message=\u00bbSe env\u00edo el mensaje\u00bb submit_button_text=\u00bbENVIAR\u00bb _builder_version=\u00bb4.27.0&#8243; _module_preset=\u00bbdefault\u00bb _unique_id=\u00bbf0a316cd-d410-4f28-a744-60b1df6500a6&#8243; hover_enabled=\u00bb0&#8243; global_colors_info=\u00bb{}\u00bb sticky_enabled=\u00bb0&#8243;][et_pb_contact_field field_id=\u00bbName\u00bb field_title=\u00bbNombre\u00bb _builder_version=\u00bb4.16&#8243; global_colors_info=\u00bb{}\u00bb button_text_size__hover_enabled=\u00bboff\u00bb button_one_text_size__hover_enabled=\u00bboff\u00bb button_two_text_size__hover_enabled=\u00bboff\u00bb button_text_color__hover_enabled=\u00bboff\u00bb button_one_text_color__hover_enabled=\u00bboff\u00bb button_two_text_color__hover_enabled=\u00bboff\u00bb button_border_width__hover_enabled=\u00bboff\u00bb button_one_border_width__hover_enabled=\u00bboff\u00bb button_two_border_width__hover_enabled=\u00bboff\u00bb button_border_color__hover_enabled=\u00bboff\u00bb button_one_border_color__hover_enabled=\u00bboff\u00bb button_two_border_color__hover_enabled=\u00bboff\u00bb button_border_radius__hover_enabled=\u00bboff\u00bb button_one_border_radius__hover_enabled=\u00bboff\u00bb button_two_border_radius__hover_enabled=\u00bboff\u00bb button_letter_spacing__hover_enabled=\u00bboff\u00bb button_one_letter_spacing__hover_enabled=\u00bboff\u00bb button_two_letter_spacing__hover_enabled=\u00bboff\u00bb button_bg_color__hover_enabled=\u00bboff\u00bb button_one_bg_color__hover_enabled=\u00bboff\u00bb button_two_bg_color__hover_enabled=\u00bboff\u00bb][\/et_pb_contact_field][et_pb_contact_field field_id=\u00bbEmail\u00bb field_title=\u00bbDirecci\u00f3n de correo electr\u00f3nico\u00bb field_type=\u00bbemail\u00bb _builder_version=\u00bb4.16&#8243; global_colors_info=\u00bb{}\u00bb button_text_size__hover_enabled=\u00bboff\u00bb button_one_text_size__hover_enabled=\u00bboff\u00bb button_two_text_size__hover_enabled=\u00bboff\u00bb button_text_color__hover_enabled=\u00bboff\u00bb button_one_text_color__hover_enabled=\u00bboff\u00bb button_two_text_color__hover_enabled=\u00bboff\u00bb button_border_width__hover_enabled=\u00bboff\u00bb button_one_border_width__hover_enabled=\u00bboff\u00bb button_two_border_width__hover_enabled=\u00bboff\u00bb button_border_color__hover_enabled=\u00bboff\u00bb button_one_border_color__hover_enabled=\u00bboff\u00bb button_two_border_color__hover_enabled=\u00bboff\u00bb button_border_radius__hover_enabled=\u00bboff\u00bb button_one_border_radius__hover_enabled=\u00bboff\u00bb button_two_border_radius__hover_enabled=\u00bboff\u00bb button_letter_spacing__hover_enabled=\u00bboff\u00bb button_one_letter_spacing__hover_enabled=\u00bboff\u00bb button_two_letter_spacing__hover_enabled=\u00bboff\u00bb button_bg_color__hover_enabled=\u00bboff\u00bb button_one_bg_color__hover_enabled=\u00bboff\u00bb button_two_bg_color__hover_enabled=\u00bboff\u00bb][\/et_pb_contact_field][et_pb_contact_field field_id=\u00bbMessage\u00bb field_title=\u00bbMensaje\u00bb field_type=\u00bbtext\u00bb fullwidth_field=\u00bbon\u00bb _builder_version=\u00bb4.16&#8243; global_colors_info=\u00bb{}\u00bb button_text_size__hover_enabled=\u00bboff\u00bb button_one_text_size__hover_enabled=\u00bboff\u00bb button_two_text_size__hover_enabled=\u00bboff\u00bb button_text_color__hover_enabled=\u00bboff\u00bb button_one_text_color__hover_enabled=\u00bboff\u00bb button_two_text_color__hover_enabled=\u00bboff\u00bb button_border_width__hover_enabled=\u00bboff\u00bb button_one_border_width__hover_enabled=\u00bboff\u00bb button_two_border_width__hover_enabled=\u00bboff\u00bb button_border_color__hover_enabled=\u00bboff\u00bb button_one_border_color__hover_enabled=\u00bboff\u00bb button_two_border_color__hover_enabled=\u00bboff\u00bb button_border_radius__hover_enabled=\u00bboff\u00bb button_one_border_radius__hover_enabled=\u00bboff\u00bb button_two_border_radius__hover_enabled=\u00bboff\u00bb button_letter_spacing__hover_enabled=\u00bboff\u00bb button_one_letter_spacing__hover_enabled=\u00bboff\u00bb button_two_letter_spacing__hover_enabled=\u00bboff\u00bb button_bg_color__hover_enabled=\u00bboff\u00bb button_one_bg_color__hover_enabled=\u00bboff\u00bb button_two_bg_color__hover_enabled=\u00bboff\u00bb][\/et_pb_contact_field][\/et_pb_contact_form][\/et_pb_column][et_pb_column type=\u00bb1_3&#8243; _builder_version=\u00bb4.27.0&#8243; _module_preset=\u00bbdefault\u00bb global_colors_info=\u00bb{}\u00bb][et_pb_button _builder_version=\u00bb4.27.0&#8243; _module_preset=\u00bbdefault\u00bb button_text=\u00bbAnsys LS-DYNA\u00bb button_url=\u00bbhttps:\/\/legg-ing.com.mx\/index.php\/ansys-ls-dyna\/\u00bb button_alignment=\u00bbcenter\u00bb hover_enabled=\u00bb0&#8243; sticky_enabled=\u00bb0&#8243;][\/et_pb_button][\/et_pb_column][\/et_pb_row][\/et_pb_section]<\/p>\n","protected":false},"excerpt":{"rendered":"<p>Es la herramienta l\u00edder en la industria para el an\u00e1lisis de elemento finito en simulaci\u00f3n estructural. &nbsp; Los productos que estamos dise\u00f1ando cada vez son\u00a0m\u00e1s inteligentes, ligeros y conectados; los ingenieros enfrentamos los retos de desarrollar productos en tiempos m\u00e1s cortos, con costos de desarrollo m\u00e1s bajos y resultados que reflejan con mejor precisi\u00f3n el [&hellip;]<\/p>\n","protected":false},"author":1,"featured_media":221,"parent":0,"menu_order":0,"comment_status":"closed","ping_status":"closed","template":"","meta":{"_et_pb_use_builder":"on","_et_pb_old_content":"","_et_gb_content_width":"","footnotes":""},"class_list":["post-367","page","type-page","status-publish","has-post-thumbnail","hentry"],"_links":{"self":[{"href":"https:\/\/legg-ing.com.mx\/index.php\/wp-json\/wp\/v2\/pages\/367","targetHints":{"allow":["GET"]}}],"collection":[{"href":"https:\/\/legg-ing.com.mx\/index.php\/wp-json\/wp\/v2\/pages"}],"about":[{"href":"https:\/\/legg-ing.com.mx\/index.php\/wp-json\/wp\/v2\/types\/page"}],"author":[{"embeddable":true,"href":"https:\/\/legg-ing.com.mx\/index.php\/wp-json\/wp\/v2\/users\/1"}],"replies":[{"embeddable":true,"href":"https:\/\/legg-ing.com.mx\/index.php\/wp-json\/wp\/v2\/comments?post=367"}],"version-history":[{"count":34,"href":"https:\/\/legg-ing.com.mx\/index.php\/wp-json\/wp\/v2\/pages\/367\/revisions"}],"predecessor-version":[{"id":605,"href":"https:\/\/legg-ing.com.mx\/index.php\/wp-json\/wp\/v2\/pages\/367\/revisions\/605"}],"wp:featuredmedia":[{"embeddable":true,"href":"https:\/\/legg-ing.com.mx\/index.php\/wp-json\/wp\/v2\/media\/221"}],"wp:attachment":[{"href":"https:\/\/legg-ing.com.mx\/index.php\/wp-json\/wp\/v2\/media?parent=367"}],"curies":[{"name":"wp","href":"https:\/\/api.w.org\/{rel}","templated":true}]}}