{"id":37,"date":"2025-03-05T20:52:41","date_gmt":"2025-03-05T20:52:41","guid":{"rendered":"https:\/\/legg-ing.com.mx\/?page_id=37"},"modified":"2026-01-17T03:39:38","modified_gmt":"2026-01-17T03:39:38","slug":"ansys-mechanical-fluent-rocky-discovery","status":"publish","type":"page","link":"https:\/\/legg-ing.com.mx\/","title":{"rendered":"Home"},"content":{"rendered":"<p>[et_pb_section fb_built=\u00bb1&#8243; fullwidth=\u00bbon\u00bb _builder_version=\u00bb4.27.0&#8243; _module_preset=\u00bbdefault\u00bb background_color=\u00bb#FFFFFF\u00bb max_height=\u00bb801px\u00bb global_colors_info=\u00bb{}\u00bb][et_pb_fullwidth_slider arrows_custom_color=\u00bb#000000&#8243; dot_nav_custom_color=\u00bb#000000&#8243; _builder_version=\u00bb4.27.0&#8243; _module_preset=\u00bbdefault\u00bb header_text_color=\u00bb#0C71C3&#8243; background_color=\u00bb#8300E9&#8243; button_alignment=\u00bbleft\u00bb text_orientation=\u00bbleft\u00bb custom_margin=\u00bb50px||||false|false\u00bb custom_padding=\u00bb0px||||false|false\u00bb global_colors_info=\u00bb{}\u00bb][et_pb_slide heading=\u00bbAnsys Mechanical\u00bb button_text=\u00bbM\u00e1s Informaci\u00f3n\u00bb button_link=\u00bbhttps:\/\/legg-ing.com.mx\/index.php\/ansys-mechanical-2\/\u00bb image=\u00bbhttps:\/\/legg-ing.com.mx\/wp-content\/uploads\/2026\/01\/ANSYS-MECHANICAL-300.webp\u00bb use_text_overlay=\u00bboff\u00bb _builder_version=\u00bb4.27.0&#8243; _module_preset=\u00bbdefault\u00bb header_text_color=\u00bb#0C71C3&#8243; body_text_color=\u00bb#000000&#8243; background_color=\u00bbRGBA(255,255,255,0)\u00bb background_enable_color=\u00bbon\u00bb background_enable_image=\u00bboff\u00bb parallax=\u00bbon\u00bb child_mix_blend_mode=\u00bbscreen\u00bb global_colors_info=\u00bb{}\u00bb sticky_transition=\u00bbon\u00bb]<\/p>\n<p>Es un software de An\u00e1lisis de Elemento Finito (FEA, por sus siglas en ingl\u00e9s) para la validaci\u00f3n funcional de productos de ingenier\u00eda, con funciones estructurales, t\u00e9rmicas, ac\u00fasticas y de vibraci\u00f3n; con capacidades no linea.<\/p>\n<p>&nbsp;<\/p>\n<p>&nbsp;<\/p>\n<p>[\/et_pb_slide][et_pb_slide heading=\u00bbAnsys LS-DYNA\u00bb button_text=\u00bbM\u00e1s Informaci\u00f3n\u00bb button_link=\u00bbhttps:\/\/legg-ing.com.mx\/index.php\/ansys-ls-dyna\/\u00bb image=\u00bbhttps:\/\/legg-ing.com.mx\/wp-content\/uploads\/2026\/01\/ansys_ls-dyna-300.jpg\u00bb _builder_version=\u00bb4.27.0&#8243; _module_preset=\u00bbdefault\u00bb header_text_color=\u00bb#0C71C3&#8243; body_text_color=\u00bb#000000&#8243; background_color=\u00bbRGBA(255,255,255,0)\u00bb background_enable_color=\u00bbon\u00bb background_enable_image=\u00bboff\u00bb global_colors_info=\u00bb{}\u00bb sticky_transition=\u00bbon\u00bb]<\/p>\n<p>Es un solver FEA de integraci\u00f3n explicita para simulaciones de alta velocidad tales como choque de veh\u00edculos, estampado, explosiones, interacci\u00f3n fluido-estructura.<\/p>\n<p>[\/et_pb_slide][et_pb_slide heading=\u00bbAnsys ROCKY\u00bb button_text=\u00bbM\u00e1s Informaci\u00f3n\u00bb image=\u00bbhttps:\/\/legg-ing.com.mx\/wp-content\/uploads\/2026\/01\/ansys-rocky.webp\u00bb _builder_version=\u00bb4.27.0&#8243; _module_preset=\u00bbdefault\u00bb header_text_color=\u00bb#0C71C3&#8243; body_text_color=\u00bb#000000&#8243; background_color=\u00bbRGBA(255,255,255,0)\u00bb background_enable_color=\u00bbon\u00bb background_enable_image=\u00bboff\u00bb global_colors_info=\u00bb{}\u00bb sticky_transition=\u00bbon\u00bb]<\/p>\n<p>Software l\u00edder en el m\u00e9todo de elementos discretos (DEM), ideal para simular el movimiento de material granular y discontinuo.<\/p>\n<p>[\/et_pb_slide][et_pb_slide heading=\u00bbAnsys FLUENT\u00bb button_text=\u00bbM\u00e1s Informaci\u00f3n\u00bb button_link=\u00bbhttps:\/\/legg-ing.com.mx\/index.php\/ansys-fluent\/\u00bb image=\u00bbhttps:\/\/legg-ing.com.mx\/wp-content\/uploads\/2026\/01\/ansys-fluent.webp\u00bb _builder_version=\u00bb4.27.0&#8243; _module_preset=\u00bbdefault\u00bb header_text_color=\u00bb#0C71C3&#8243; body_text_color=\u00bb#000000&#8243; background_color=\u00bbRGBA(255,255,255,0)\u00bb background_enable_color=\u00bbon\u00bb background_enable_image=\u00bboff\u00bb global_colors_info=\u00bb{}\u00bb sticky_transition=\u00bbon\u00bb]<\/p>\n<p>Ll\u00edder en simulaci\u00f3n de fluidos, reconocido por sus avanzados recursos de modelado f\u00edsico, alta precisi\u00f3n y confiabilidad.<\/p>\n<p>[\/et_pb_slide][et_pb_slide heading=\u00bbAnsys DISCOVERY\u00bb button_text=\u00bbM\u00e1s Informaci\u00f3n\u00bb image=\u00bbhttps:\/\/legg-ing.com.mx\/wp-content\/uploads\/2026\/01\/ansys-discovery-structural.webp\u00bb _builder_version=\u00bb4.27.0&#8243; _module_preset=\u00bbdefault\u00bb header_text_color=\u00bb#0C71C3&#8243; body_text_color=\u00bb#000000&#8243; background_color=\u00bbRGBA(255,255,255,0)\u00bb background_enable_color=\u00bbon\u00bb background_enable_image=\u00bboff\u00bb global_colors_info=\u00bb{}\u00bb sticky_transition=\u00bbon\u00bb]<\/p>\n<p>Herramienta de dise\u00f1o basada en simulaci\u00f3n que combina la simulaci\u00f3n f\u00edsica instant\u00e1nea, la simulaci\u00f3n de alta fidelidad y el modelado geom\u00e9trico interactivo en una \u00fanica experiencia f\u00e1cil de usar.<\/p>\n<p>[\/et_pb_slide][\/et_pb_fullwidth_slider][\/et_pb_section][et_pb_section fb_built=\u00bb1&#8243; _builder_version=\u00bb4.27.0&#8243; _module_preset=\u00bbdefault\u00bb background_color=\u00bbRGBA(255,255,255,0)\u00bb background_enable_mask_style=\u00bbon\u00bb background_mask_color=\u00bbRGBA(255,255,255,0)\u00bb border_width_all=\u00bb1px\u00bb border_color_all=\u00bb#D6D6D6&#8243; global_colors_info=\u00bb{}\u00bb][et_pb_row column_structure=\u00bb1_3,1_3,1_3&#8243; _builder_version=\u00bb4.27.0&#8243; _module_preset=\u00bbdefault\u00bb background_color=\u00bbRGBA(255,255,255,0)\u00bb global_colors_info=\u00bb{}\u00bb][et_pb_column type=\u00bb1_3&#8243; _builder_version=\u00bb4.27.0&#8243; _module_preset=\u00bbdefault\u00bb global_colors_info=\u00bb{}\u00bb][et_pb_blurb title=\u00bbCONSULTORIA CAD-CAE\u00bb alt=\u00bbANSYS LOGO\u00bb _builder_version=\u00bb4.27.0&#8243; _module_preset=\u00bbdefault\u00bb background_color=\u00bbRGBA(255,255,255,0)\u00bb custom_margin=\u00bb50px|50px|50px|50px|false|false\u00bb custom_padding=\u00bb50px|50px|50px|50px|false|false\u00bb global_colors_info=\u00bb{}\u00bb]<\/p>\n<p><img loading=\"lazy\" decoding=\"async\" class=\"aligncenter wp-image-102\" src=\"https:\/\/legg-ing.com.mx\/wp-content\/uploads\/2025\/03\/PISTON-STRESS-300x283.png\" alt=\"FEA-SERVICES-PISTON STRESS SERVICIOS FEA ESFUERZOS EN PISTON\" width=\"318\" height=\"300\" srcset=\"https:\/\/legg-ing.com.mx\/wp-content\/uploads\/2025\/03\/PISTON-STRESS-300x283.png 300w, https:\/\/legg-ing.com.mx\/wp-content\/uploads\/2025\/03\/PISTON-STRESS-1024x967.png 1024w, https:\/\/legg-ing.com.mx\/wp-content\/uploads\/2025\/03\/PISTON-STRESS-768x725.png 768w, https:\/\/legg-ing.com.mx\/wp-content\/uploads\/2025\/03\/PISTON-STRESS.png 1140w\" sizes=\"auto, (max-width: 318px) 100vw, 318px\" \/><\/p>\n<p>[\/et_pb_blurb][\/et_pb_column][et_pb_column type=\u00bb1_3&#8243; _builder_version=\u00bb4.27.0&#8243; _module_preset=\u00bbdefault\u00bb global_colors_info=\u00bb{}\u00bb][et_pb_blurb title=\u00bbCAPACITACI\u00d3N ANSYS\u00bb alt=\u00bbANSYS LOGO\u00bb _builder_version=\u00bb4.27.0&#8243; _module_preset=\u00bbdefault\u00bb background_color=\u00bbRGBA(255,255,255,0)\u00bb custom_margin=\u00bb50px|50px|50px|50px|false|false\u00bb custom_padding=\u00bb50px|50px|50px|50px|false|false\u00bb global_colors_info=\u00bb{}\u00bb]<\/p>\n<p><img loading=\"lazy\" decoding=\"async\" class=\"wp-image-285 alignnone size-full\" src=\"https:\/\/legg-ing.com.mx\/wp-content\/uploads\/2025\/12\/fluent-valve-e1767453551423.jpg\" alt=\"ansys fluent\" width=\"212\" height=\"170\" \/><\/p>\n<p>[\/et_pb_blurb][\/et_pb_column][et_pb_column type=\u00bb1_3&#8243; _builder_version=\u00bb4.27.0&#8243; _module_preset=\u00bbdefault\u00bb global_colors_info=\u00bb{}\u00bb][et_pb_blurb title=\u00bbMAQUINADOS CNC\u00bb alt=\u00bbANSYS LOGO\u00bb _builder_version=\u00bb4.27.0&#8243; _module_preset=\u00bbdefault\u00bb background_color=\u00bbRGBA(255,255,255,0)\u00bb custom_margin=\u00bb50px|50px|50px|50px|false|false\u00bb custom_padding=\u00bb50px|50px|50px|50px|false|false\u00bb global_colors_info=\u00bb{}\u00bb]<\/p>\n<p><img loading=\"lazy\" decoding=\"async\" class=\"aligncenter wp-image-108\" src=\"https:\/\/legg-ing.com.mx\/wp-content\/uploads\/2025\/03\/cnc-services-300x225.avif\" alt=\"CNC SERVICES SERVICIOS CNC\" width=\"400\" height=\"300\" srcset=\"https:\/\/legg-ing.com.mx\/wp-content\/uploads\/2025\/03\/cnc-services-300x225.avif 300w, https:\/\/legg-ing.com.mx\/wp-content\/uploads\/2025\/03\/cnc-services-1024x768.avif 1024w, https:\/\/legg-ing.com.mx\/wp-content\/uploads\/2025\/03\/cnc-services-768x576.avif 768w, https:\/\/legg-ing.com.mx\/wp-content\/uploads\/2025\/03\/cnc-services-1536x1152.avif 1536w, https:\/\/legg-ing.com.mx\/wp-content\/uploads\/2025\/03\/cnc-services.avif 1600w\" sizes=\"auto, (max-width: 400px) 100vw, 400px\" \/><\/p>\n<p>[\/et_pb_blurb][\/et_pb_column][\/et_pb_row][\/et_pb_section][et_pb_section fb_built=\u00bb1&#8243; _builder_version=\u00bb4.27.0&#8243; _module_preset=\u00bbdefault\u00bb border_width_all=\u00bb1px\u00bb border_color_all=\u00bb#D6D6D6&#8243; global_colors_info=\u00bb{}\u00bb][et_pb_row column_structure=\u00bb1_3,1_3,1_3&#8243; _builder_version=\u00bb4.27.0&#8243; _module_preset=\u00bbdefault\u00bb global_colors_info=\u00bb{}\u00bb][et_pb_column type=\u00bb1_3&#8243; _builder_version=\u00bb4.27.0&#8243; _module_preset=\u00bbdefault\u00bb global_colors_info=\u00bb{}\u00bb][et_pb_button button_url=\u00bbhttps:\/\/legg-ing.com.mx\/index.php\/ansys-mechanical-2\/\u00bb button_text=\u00bbAnsys Mechanical\u00bb _builder_version=\u00bb4.27.0&#8243; _module_preset=\u00bbdefault\u00bb global_colors_info=\u00bb{}\u00bb][\/et_pb_button][\/et_pb_column][et_pb_column type=\u00bb1_3&#8243; _builder_version=\u00bb4.27.0&#8243; _module_preset=\u00bbdefault\u00bb global_colors_info=\u00bb{}\u00bb][et_pb_contact_form title=\u00bbCont\u00e1ctanos\u00bb success_message=\u00bbSe env\u00edo el mensaje\u00bb submit_button_text=\u00bbENVIAR\u00bb _builder_version=\u00bb4.27.0&#8243; _module_preset=\u00bbdefault\u00bb _unique_id=\u00bbf0a316cd-d410-4f28-a744-60b1df6500a6&#8243; global_colors_info=\u00bb{}\u00bb][et_pb_contact_field field_id=\u00bbName\u00bb field_title=\u00bbNombre\u00bb _builder_version=\u00bb4.16&#8243; global_colors_info=\u00bb{}\u00bb button_text_size__hover_enabled=\u00bboff\u00bb button_one_text_size__hover_enabled=\u00bboff\u00bb button_two_text_size__hover_enabled=\u00bboff\u00bb button_text_color__hover_enabled=\u00bboff\u00bb button_one_text_color__hover_enabled=\u00bboff\u00bb button_two_text_color__hover_enabled=\u00bboff\u00bb button_border_width__hover_enabled=\u00bboff\u00bb button_one_border_width__hover_enabled=\u00bboff\u00bb button_two_border_width__hover_enabled=\u00bboff\u00bb button_border_color__hover_enabled=\u00bboff\u00bb button_one_border_color__hover_enabled=\u00bboff\u00bb button_two_border_color__hover_enabled=\u00bboff\u00bb button_border_radius__hover_enabled=\u00bboff\u00bb button_one_border_radius__hover_enabled=\u00bboff\u00bb button_two_border_radius__hover_enabled=\u00bboff\u00bb button_letter_spacing__hover_enabled=\u00bboff\u00bb button_one_letter_spacing__hover_enabled=\u00bboff\u00bb button_two_letter_spacing__hover_enabled=\u00bboff\u00bb button_bg_color__hover_enabled=\u00bboff\u00bb button_one_bg_color__hover_enabled=\u00bboff\u00bb button_two_bg_color__hover_enabled=\u00bboff\u00bb][\/et_pb_contact_field][et_pb_contact_field field_id=\u00bbEmail\u00bb field_title=\u00bbDirecci\u00f3n de correo electr\u00f3nico\u00bb field_type=\u00bbemail\u00bb _builder_version=\u00bb4.16&#8243; global_colors_info=\u00bb{}\u00bb button_text_size__hover_enabled=\u00bboff\u00bb button_one_text_size__hover_enabled=\u00bboff\u00bb button_two_text_size__hover_enabled=\u00bboff\u00bb button_text_color__hover_enabled=\u00bboff\u00bb button_one_text_color__hover_enabled=\u00bboff\u00bb button_two_text_color__hover_enabled=\u00bboff\u00bb button_border_width__hover_enabled=\u00bboff\u00bb button_one_border_width__hover_enabled=\u00bboff\u00bb button_two_border_width__hover_enabled=\u00bboff\u00bb button_border_color__hover_enabled=\u00bboff\u00bb button_one_border_color__hover_enabled=\u00bboff\u00bb button_two_border_color__hover_enabled=\u00bboff\u00bb button_border_radius__hover_enabled=\u00bboff\u00bb button_one_border_radius__hover_enabled=\u00bboff\u00bb button_two_border_radius__hover_enabled=\u00bboff\u00bb button_letter_spacing__hover_enabled=\u00bboff\u00bb button_one_letter_spacing__hover_enabled=\u00bboff\u00bb button_two_letter_spacing__hover_enabled=\u00bboff\u00bb button_bg_color__hover_enabled=\u00bboff\u00bb button_one_bg_color__hover_enabled=\u00bboff\u00bb button_two_bg_color__hover_enabled=\u00bboff\u00bb][\/et_pb_contact_field][et_pb_contact_field field_id=\u00bbMessage\u00bb field_title=\u00bbMensaje\u00bb field_type=\u00bbtext\u00bb fullwidth_field=\u00bbon\u00bb _builder_version=\u00bb4.16&#8243; global_colors_info=\u00bb{}\u00bb button_text_size__hover_enabled=\u00bboff\u00bb button_one_text_size__hover_enabled=\u00bboff\u00bb button_two_text_size__hover_enabled=\u00bboff\u00bb button_text_color__hover_enabled=\u00bboff\u00bb button_one_text_color__hover_enabled=\u00bboff\u00bb button_two_text_color__hover_enabled=\u00bboff\u00bb button_border_width__hover_enabled=\u00bboff\u00bb button_one_border_width__hover_enabled=\u00bboff\u00bb button_two_border_width__hover_enabled=\u00bboff\u00bb button_border_color__hover_enabled=\u00bboff\u00bb button_one_border_color__hover_enabled=\u00bboff\u00bb button_two_border_color__hover_enabled=\u00bboff\u00bb button_border_radius__hover_enabled=\u00bboff\u00bb button_one_border_radius__hover_enabled=\u00bboff\u00bb button_two_border_radius__hover_enabled=\u00bboff\u00bb button_letter_spacing__hover_enabled=\u00bboff\u00bb button_one_letter_spacing__hover_enabled=\u00bboff\u00bb button_two_letter_spacing__hover_enabled=\u00bboff\u00bb button_bg_color__hover_enabled=\u00bboff\u00bb button_one_bg_color__hover_enabled=\u00bboff\u00bb button_two_bg_color__hover_enabled=\u00bboff\u00bb][\/et_pb_contact_field][\/et_pb_contact_form][\/et_pb_column][et_pb_column type=\u00bb1_3&#8243; _builder_version=\u00bb4.27.0&#8243; _module_preset=\u00bbdefault\u00bb global_colors_info=\u00bb{}\u00bb][et_pb_button button_url=\u00bbhttps:\/\/legg-ing.com.mx\/index.php\/ansys-fluent\u00bb button_text=\u00bbAnsys Fluent\u00bb _builder_version=\u00bb4.27.0&#8243; _module_preset=\u00bbdefault\u00bb hover_enabled=\u00bb0&#8243; global_colors_info=\u00bb{}\u00bb button_alignment=\u00bbcenter\u00bb sticky_enabled=\u00bb0&#8243;][\/et_pb_button][\/et_pb_column][\/et_pb_row][\/et_pb_section]<\/p>\n","protected":false},"excerpt":{"rendered":"<p>Es un software de An\u00e1lisis de Elemento Finito (FEA, por sus siglas en ingl\u00e9s) para la validaci\u00f3n funcional de productos de ingenier\u00eda, con funciones estructurales, t\u00e9rmicas, ac\u00fasticas y de vibraci\u00f3n; con capacidades no linea. &nbsp; &nbsp;Es un solver FEA de integraci\u00f3n explicita para simulaciones de alta velocidad tales como choque de veh\u00edculos, estampado, explosiones, interacci\u00f3n [&hellip;]<\/p>\n","protected":false},"author":1,"featured_media":221,"parent":0,"menu_order":0,"comment_status":"closed","ping_status":"closed","template":"","meta":{"_et_pb_use_builder":"on","_et_pb_old_content":"","_et_gb_content_width":"","footnotes":""},"class_list":["post-37","page","type-page","status-publish","has-post-thumbnail","hentry"],"_links":{"self":[{"href":"https:\/\/legg-ing.com.mx\/index.php\/wp-json\/wp\/v2\/pages\/37","targetHints":{"allow":["GET"]}}],"collection":[{"href":"https:\/\/legg-ing.com.mx\/index.php\/wp-json\/wp\/v2\/pages"}],"about":[{"href":"https:\/\/legg-ing.com.mx\/index.php\/wp-json\/wp\/v2\/types\/page"}],"author":[{"embeddable":true,"href":"https:\/\/legg-ing.com.mx\/index.php\/wp-json\/wp\/v2\/users\/1"}],"replies":[{"embeddable":true,"href":"https:\/\/legg-ing.com.mx\/index.php\/wp-json\/wp\/v2\/comments?post=37"}],"version-history":[{"count":86,"href":"https:\/\/legg-ing.com.mx\/index.php\/wp-json\/wp\/v2\/pages\/37\/revisions"}],"predecessor-version":[{"id":638,"href":"https:\/\/legg-ing.com.mx\/index.php\/wp-json\/wp\/v2\/pages\/37\/revisions\/638"}],"wp:featuredmedia":[{"embeddable":true,"href":"https:\/\/legg-ing.com.mx\/index.php\/wp-json\/wp\/v2\/media\/221"}],"wp:attachment":[{"href":"https:\/\/legg-ing.com.mx\/index.php\/wp-json\/wp\/v2\/media?parent=37"}],"curies":[{"name":"wp","href":"https:\/\/api.w.org\/{rel}","templated":true}]}}