{"id":560,"date":"2026-01-17T02:35:57","date_gmt":"2026-01-17T02:35:57","guid":{"rendered":"https:\/\/legg-ing.com.mx\/?page_id=560"},"modified":"2026-01-17T03:01:53","modified_gmt":"2026-01-17T03:01:53","slug":"ansys-ls-dyna","status":"publish","type":"page","link":"https:\/\/legg-ing.com.mx\/index.php\/ansys-ls-dyna\/","title":{"rendered":"Ansys LS-DYNA"},"content":{"rendered":"<p>[et_pb_section fb_built=\u00bb1&#8243; fullwidth=\u00bbon\u00bb _builder_version=\u00bb4.27.0&#8243; _module_preset=\u00bbdefault\u00bb global_colors_info=\u00bb{}\u00bb][et_pb_fullwidth_slider arrows_custom_color=\u00bb#000000&#8243; dot_nav_custom_color=\u00bb#000000&#8243; _builder_version=\u00bb4.27.0&#8243; _module_preset=\u00bbdefault\u00bb header_text_color=\u00bbRGBA(255,255,255,0)\u00bb button_alignment=\u00bbleft\u00bb text_orientation=\u00bbleft\u00bb global_colors_info=\u00bb{}\u00bb][et_pb_slide heading=\u00bbAnsys LS-DYNA\u00bb image=\u00bbhttps:\/\/legg-ing.com.mx\/wp-content\/uploads\/2026\/01\/2021-01-ls-dyna-hero-banner.webp\u00bb use_text_overlay=\u00bboff\u00bb _builder_version=\u00bb4.27.0&#8243; _module_preset=\u00bbdefault\u00bb header_text_color=\u00bb#0C71C3&#8243; body_text_color=\u00bb#000000&#8243; background_color=\u00bbRGBA(255,255,255,0)\u00bb background_enable_color=\u00bbon\u00bb background_enable_image=\u00bboff\u00bb parallax=\u00bbon\u00bb background_layout=\u00bblight\u00bb child_mix_blend_mode=\u00bbscreen\u00bb global_colors_info=\u00bb{}\u00bb sticky_transition=\u00bbon\u00bb]<\/p>\n<p>&nbsp;<\/p>\n<p>&nbsp;<\/p>\n<p>[\/et_pb_slide][\/et_pb_fullwidth_slider][\/et_pb_section][et_pb_section fb_built=\u00bb1&#8243; _builder_version=\u00bb4.27.0&#8243; _module_preset=\u00bbdefault\u00bb background_color=\u00bbRGBA(255,255,255,0)\u00bb background_enable_mask_style=\u00bbon\u00bb background_mask_color=\u00bbRGBA(255,255,255,0)\u00bb border_color_all=\u00bb#0C71C3&#8243; border_width_bottom=\u00bb1px\u00bb border_color_bottom=\u00bb#D6D6D6&#8243; global_colors_info=\u00bb{}\u00bb][et_pb_row _builder_version=\u00bb4.27.0&#8243; _module_preset=\u00bbdefault\u00bb background_color=\u00bbRGBA(255,255,255,0)\u00bb global_colors_info=\u00bb{}\u00bb][et_pb_column type=\u00bb4_4&#8243; _builder_version=\u00bb4.27.0&#8243; _module_preset=\u00bbdefault\u00bb global_colors_info=\u00bb{}\u00bb][et_pb_tabs _builder_version=\u00bb4.27.0&#8243; _module_preset=\u00bbdefault\u00bb global_colors_info=\u00bb{}\u00bb][et_pb_tab title=\u00bbTendencias del Mercado\u00bb _builder_version=\u00bb4.27.0&#8243; _module_preset=\u00bbdefault\u00bb global_colors_info=\u00bb{}\u00bb]<\/p>\n<table style=\"width: 100%; border-collapse: collapse; border-style: solid;\" border=\"1\">\n<tbody>\n<tr>\n<td style=\"width: 66.7766%;\">ANSYS LS-DYNA es el programa de simulaci\u00f3n expl\u00edcita m\u00e1s utilizado a nivel mundial y es capaz de simular la respuesta de materiales a periodos cortos de carga severa. Sus numerosos elementos, formulaciones de contacto, modelos de materiales y otros controles permiten simular modelos complejos con control sobre todos los detalles del problema.<\/td>\n<td style=\"width: 33.2234%;\"><div style=\"width: 610px\" class=\"wp-caption alignnone\"><img loading=\"lazy\" decoding=\"async\" src=\"https:\/\/storage.googleapis.com\/site.esss.co\/1e9ab817-img-prod-ls-dyna.webp\" alt=\"ANSYS LD-DYNA\" width=\"600\" height=\"500\" \/><p class=\"wp-caption-text\">FLUID STRUCTURE INTERACTION (FSI), SPH<\/p><\/div><\/td>\n<\/tr>\n<\/tbody>\n<\/table>\n<p>&nbsp;<\/p>\n<table style=\"border-collapse: collapse; width: 100%;\" border=\"1\">\n<tbody>\n<tr>\n<td style=\"width: 32.2809%;\"><div style=\"width: 602px\" class=\"wp-caption alignnone\"><img loading=\"lazy\" decoding=\"async\" class=\"size-medium\" src=\"https:\/\/images.ansys.com\/is\/image\/ansys\/2021-01-ls-dyna-bullet-impact?wid=592&amp;fmt=png-alpha&amp;op_usm=0.9,1.0,20,0&amp;fit=constrain,0\" alt=\"ANSYS LS-DYNA FALLA Y FRACTURA DE MATERIALES\" width=\"592\" height=\"395\" \/><p class=\"wp-caption-text\">ANSYS LS-DYNA FALLA Y FRACTURA DE MATERIALES<\/p><\/div><\/td>\n<td style=\"width: 67.7191%;\">Los ingenieros pueden realizar simulaciones que involucran fallas de materiales y observar c\u00f3mo estas progresan a trav\u00e9s de una pieza o un sistema. Los modelos con un gran n\u00famero de piezas o superficies que interact\u00faan entre s\u00ed tambi\u00e9n se manejan f\u00e1cilmente, y las interacciones y la transferencia de carga entre comportamientos complejos se modelan con precisi\u00f3n. El uso de computadoras con mayor n\u00famero de n\u00facleos de CPU puede reducir dr\u00e1sticamente los tiempos de soluci\u00f3n.<\/td>\n<\/tr>\n<\/tbody>\n<\/table>\n<p>&nbsp;<\/p>\n<h3>Especificaciones R\u00e1pidas<\/h3>\n<p>Algunas de las aplicaciones de Ansys LS-DYNA son:\u00a0<\/p>\n<ul>\n<li>Choque vehicular (Crashworthiness)<\/li>\n<li>Despliegue de bolsas de aire<\/li>\n<li>Falla y fractura de materiales<\/li>\n<li>Fragmentci\u00f3n de productos<\/li>\n<li>Explosi\u00f3n \/ penetraci\u00f3n<\/li>\n<li>Impacto de aves<\/li>\n<li>Pruebas de ca\u00edda (Drop Test)<\/li>\n<li>Mecanismos de gran plsaticidad<\/li>\n<li>Hidroplaneado \/\u00a0Oleaje<\/li>\n<li>Estampado \/ Forja \/ Enbutido \/ Conformado \/ Maquinado<\/li>\n<li>Choque veh\u00edcular \/ Seguridad de pasageros\u00a0<\/li>\n<li>Simulaci\u00f3n de equipo medico<\/li>\n<li>Formulaciones Euler, Lagrange, y Arbitrario Lagangiano-Eulerioano (ALE, por sus isglas en ingl\u00e9s)\u00a0<\/li>\n<li>Electromagnetismo<\/li>\n<li>Hidrodin\u00e1mica de particula suavizada (SPH, por sus siglas en ingl\u00e9s)<\/li>\n<li>An\u00e1lisis estructurales explicitos no lineales<\/li>\n<li>Din\u00e1mica de fluidos compresibles e incompresibles<\/li>\n<li>Modelo de humano total para seguridad (THUMS)<\/li>\n<\/ul>\n<p>[\/et_pb_tab][\/et_pb_tabs][\/et_pb_column][\/et_pb_row][\/et_pb_section][et_pb_section fb_built=\u00bb1&#8243; _builder_version=\u00bb4.27.0&#8243; _module_preset=\u00bbdefault\u00bb background_color=\u00bbRGBA(255,255,255,0)\u00bb background_enable_mask_style=\u00bbon\u00bb background_mask_color=\u00bbRGBA(255,255,255,0)\u00bb border_color_all=\u00bb#0C71C3&#8243; border_width_bottom=\u00bb1px\u00bb border_color_bottom=\u00bb#D6D6D6&#8243; global_colors_info=\u00bb{}\u00bb][et_pb_row _builder_version=\u00bb4.27.0&#8243; _module_preset=\u00bbdefault\u00bb background_color=\u00bbRGBA(255,255,255,0)\u00bb global_colors_info=\u00bb{}\u00bb][et_pb_column type=\u00bb4_4&#8243; _builder_version=\u00bb4.27.0&#8243; _module_preset=\u00bbdefault\u00bb global_colors_info=\u00bb{}\u00bb][et_pb_accordion _builder_version=\u00bb4.27.0&#8243; _module_preset=\u00bbdefault\u00bb global_colors_info=\u00bb{}\u00bb][et_pb_accordion_item open=\u00bbon\u00bb _builder_version=\u00bb4.27.0&#8243; _module_preset=\u00bbdefault\u00bb link_option_url=\u00bbhttps:\/\/ansys13.ansys.com\/release2025R1\/LSDYNA_2025R1_Student.zip?_auth_=1768701184_d858c448810e174cd548d77371af943c\u00bb global_colors_info=\u00bb{}\u00bb]<\/p>\n<h3>Ansys LS-DYNA Student Edition, descarga de forma gratuita.<\/h3>\n<p>ANSYS LS-DYNA Student ofrece acceso gratuito al programa de simulaci\u00f3n expl\u00edcita m\u00e1s utilizado del mundo, capaz de simular la respuesta de materiales a breves periodos de carga severa. Los estudiantes pueden realizar simulaciones que involucran fallas de materiales y observar c\u00f3mo estas progresan a trav\u00e9s de una pieza o un sistema. Las aplicaciones incluyen la automoci\u00f3n, la industria aeroespacial, fluidos incompresibles, fluidos compresibles y ondas de choque, electromagnetismo y m\u00e1s.<\/p>\n<p><strong>Condiciones de uso<\/strong><em>: Las descargas gratuitas para estudiantes son solo para uso educativo y solo pueden usarse para autoaprendizaje, instrucci\u00f3n, proyectos y demostraciones estudiantiles.<\/em><\/p>\n<a href=\"https:\/\/drive.google.com\/file\/d\/121-7Imd4dzgyKi1ncogGSxwl3jr6YrqI\/view?usp=sharing\" class=\"icon-button download-icon\" target=\"_blank\" rel=\"noopener\">Descraga Ansys LS-DYNA STUDENT<span class='et-icon'><\/span><\/a>\n<p>[\/et_pb_accordion_item][\/et_pb_accordion][\/et_pb_column][\/et_pb_row][\/et_pb_section][et_pb_section fb_built=\u00bb1&#8243; _builder_version=\u00bb4.27.0&#8243; _module_preset=\u00bbdefault\u00bb global_colors_info=\u00bb{}\u00bb][et_pb_row column_structure=\u00bb1_3,1_3,1_3&#8243; _builder_version=\u00bb4.27.0&#8243; _module_preset=\u00bbdefault\u00bb global_colors_info=\u00bb{}\u00bb][et_pb_column type=\u00bb1_3&#8243; _builder_version=\u00bb4.27.0&#8243; _module_preset=\u00bbdefault\u00bb global_colors_info=\u00bb{}\u00bb][et_pb_button button_url=\u00bbhttps:\/\/legg-ing.com.mx\/index.php\/ansys-fluent\/\u00bb button_text=\u00bbAnsys Fluent\u00bb _builder_version=\u00bb4.27.0&#8243; _module_preset=\u00bbdefault\u00bb hover_enabled=\u00bb0&#8243; global_colors_info=\u00bb{}\u00bb button_alignment=\u00bbcenter\u00bb sticky_enabled=\u00bb0&#8243;][\/et_pb_button][\/et_pb_column][et_pb_column type=\u00bb1_3&#8243; _builder_version=\u00bb4.27.0&#8243; _module_preset=\u00bbdefault\u00bb global_colors_info=\u00bb{}\u00bb][et_pb_contact_form title=\u00bbCont\u00e1ctanos\u00bb success_message=\u00bbSe env\u00edo el mensaje\u00bb submit_button_text=\u00bbENVIAR\u00bb _builder_version=\u00bb4.27.0&#8243; _module_preset=\u00bbdefault\u00bb _unique_id=\u00bbf0a316cd-d410-4f28-a744-60b1df6500a6&#8243; global_colors_info=\u00bb{}\u00bb][et_pb_contact_field field_id=\u00bbName\u00bb field_title=\u00bbNombre\u00bb _builder_version=\u00bb4.16&#8243; global_colors_info=\u00bb{}\u00bb button_text_size__hover_enabled=\u00bboff\u00bb button_one_text_size__hover_enabled=\u00bboff\u00bb button_two_text_size__hover_enabled=\u00bboff\u00bb button_text_color__hover_enabled=\u00bboff\u00bb button_one_text_color__hover_enabled=\u00bboff\u00bb button_two_text_color__hover_enabled=\u00bboff\u00bb button_border_width__hover_enabled=\u00bboff\u00bb button_one_border_width__hover_enabled=\u00bboff\u00bb button_two_border_width__hover_enabled=\u00bboff\u00bb button_border_color__hover_enabled=\u00bboff\u00bb button_one_border_color__hover_enabled=\u00bboff\u00bb button_two_border_color__hover_enabled=\u00bboff\u00bb button_border_radius__hover_enabled=\u00bboff\u00bb button_one_border_radius__hover_enabled=\u00bboff\u00bb button_two_border_radius__hover_enabled=\u00bboff\u00bb button_letter_spacing__hover_enabled=\u00bboff\u00bb button_one_letter_spacing__hover_enabled=\u00bboff\u00bb button_two_letter_spacing__hover_enabled=\u00bboff\u00bb button_bg_color__hover_enabled=\u00bboff\u00bb button_one_bg_color__hover_enabled=\u00bboff\u00bb button_two_bg_color__hover_enabled=\u00bboff\u00bb][\/et_pb_contact_field][et_pb_contact_field field_id=\u00bbEmail\u00bb field_title=\u00bbDirecci\u00f3n de correo electr\u00f3nico\u00bb field_type=\u00bbemail\u00bb _builder_version=\u00bb4.16&#8243; global_colors_info=\u00bb{}\u00bb button_text_size__hover_enabled=\u00bboff\u00bb button_one_text_size__hover_enabled=\u00bboff\u00bb button_two_text_size__hover_enabled=\u00bboff\u00bb button_text_color__hover_enabled=\u00bboff\u00bb button_one_text_color__hover_enabled=\u00bboff\u00bb button_two_text_color__hover_enabled=\u00bboff\u00bb button_border_width__hover_enabled=\u00bboff\u00bb button_one_border_width__hover_enabled=\u00bboff\u00bb button_two_border_width__hover_enabled=\u00bboff\u00bb button_border_color__hover_enabled=\u00bboff\u00bb button_one_border_color__hover_enabled=\u00bboff\u00bb button_two_border_color__hover_enabled=\u00bboff\u00bb button_border_radius__hover_enabled=\u00bboff\u00bb button_one_border_radius__hover_enabled=\u00bboff\u00bb button_two_border_radius__hover_enabled=\u00bboff\u00bb button_letter_spacing__hover_enabled=\u00bboff\u00bb button_one_letter_spacing__hover_enabled=\u00bboff\u00bb button_two_letter_spacing__hover_enabled=\u00bboff\u00bb button_bg_color__hover_enabled=\u00bboff\u00bb button_one_bg_color__hover_enabled=\u00bboff\u00bb button_two_bg_color__hover_enabled=\u00bboff\u00bb][\/et_pb_contact_field][et_pb_contact_field field_id=\u00bbMessage\u00bb field_title=\u00bbMensaje\u00bb field_type=\u00bbtext\u00bb fullwidth_field=\u00bbon\u00bb _builder_version=\u00bb4.16&#8243; global_colors_info=\u00bb{}\u00bb button_text_size__hover_enabled=\u00bboff\u00bb button_one_text_size__hover_enabled=\u00bboff\u00bb button_two_text_size__hover_enabled=\u00bboff\u00bb button_text_color__hover_enabled=\u00bboff\u00bb button_one_text_color__hover_enabled=\u00bboff\u00bb button_two_text_color__hover_enabled=\u00bboff\u00bb button_border_width__hover_enabled=\u00bboff\u00bb button_one_border_width__hover_enabled=\u00bboff\u00bb button_two_border_width__hover_enabled=\u00bboff\u00bb button_border_color__hover_enabled=\u00bboff\u00bb button_one_border_color__hover_enabled=\u00bboff\u00bb button_two_border_color__hover_enabled=\u00bboff\u00bb button_border_radius__hover_enabled=\u00bboff\u00bb button_one_border_radius__hover_enabled=\u00bboff\u00bb button_two_border_radius__hover_enabled=\u00bboff\u00bb button_letter_spacing__hover_enabled=\u00bboff\u00bb button_one_letter_spacing__hover_enabled=\u00bboff\u00bb button_two_letter_spacing__hover_enabled=\u00bboff\u00bb button_bg_color__hover_enabled=\u00bboff\u00bb button_one_bg_color__hover_enabled=\u00bboff\u00bb button_two_bg_color__hover_enabled=\u00bboff\u00bb][\/et_pb_contact_field][\/et_pb_contact_form][\/et_pb_column][et_pb_column type=\u00bb1_3&#8243; _builder_version=\u00bb4.27.0&#8243; _module_preset=\u00bbdefault\u00bb global_colors_info=\u00bb{}\u00bb][et_pb_button button_url=\u00bbhttps:\/\/legg-ing.com.mx\/index.php\/ansys-mechanical-2\/\u00bb button_text=\u00bbAnsys Mechanical\u00bb _builder_version=\u00bb4.27.0&#8243; _module_preset=\u00bbdefault\u00bb hover_enabled=\u00bb0&#8243; global_colors_info=\u00bb{}\u00bb button_alignment=\u00bbcenter\u00bb sticky_enabled=\u00bb0&#8243;][\/et_pb_button][\/et_pb_column][\/et_pb_row][\/et_pb_section]<\/p>\n","protected":false},"excerpt":{"rendered":"<p>ANSYS LS-DYNA es el programa de simulaci\u00f3n expl\u00edcita m\u00e1s utilizado a nivel mundial y es capaz de simular choque de veh\u00edculos, estampado&#8230;<\/p>\n","protected":false},"author":1,"featured_media":221,"parent":0,"menu_order":0,"comment_status":"closed","ping_status":"closed","template":"","meta":{"_et_pb_use_builder":"on","_et_pb_old_content":"","_et_gb_content_width":"","footnotes":""},"class_list":["post-560","page","type-page","status-publish","has-post-thumbnail","hentry"],"_links":{"self":[{"href":"https:\/\/legg-ing.com.mx\/index.php\/wp-json\/wp\/v2\/pages\/560","targetHints":{"allow":["GET"]}}],"collection":[{"href":"https:\/\/legg-ing.com.mx\/index.php\/wp-json\/wp\/v2\/pages"}],"about":[{"href":"https:\/\/legg-ing.com.mx\/index.php\/wp-json\/wp\/v2\/types\/page"}],"author":[{"embeddable":true,"href":"https:\/\/legg-ing.com.mx\/index.php\/wp-json\/wp\/v2\/users\/1"}],"replies":[{"embeddable":true,"href":"https:\/\/legg-ing.com.mx\/index.php\/wp-json\/wp\/v2\/comments?post=560"}],"version-history":[{"count":22,"href":"https:\/\/legg-ing.com.mx\/index.php\/wp-json\/wp\/v2\/pages\/560\/revisions"}],"predecessor-version":[{"id":600,"href":"https:\/\/legg-ing.com.mx\/index.php\/wp-json\/wp\/v2\/pages\/560\/revisions\/600"}],"wp:featuredmedia":[{"embeddable":true,"href":"https:\/\/legg-ing.com.mx\/index.php\/wp-json\/wp\/v2\/media\/221"}],"wp:attachment":[{"href":"https:\/\/legg-ing.com.mx\/index.php\/wp-json\/wp\/v2\/media?parent=560"}],"curies":[{"name":"wp","href":"https:\/\/api.w.org\/{rel}","templated":true}]}}